{"id":204,"date":"2024-02-20T16:52:19","date_gmt":"2024-02-20T16:52:19","guid":{"rendered":"https:\/\/walixa.co\/?post_type=product&#038;p=204"},"modified":"2024-12-13T21:51:24","modified_gmt":"2024-12-14T02:51:24","slug":"savon-au-citron","status":"publish","type":"product","link":"https:\/\/walixa.co\/index.php\/product\/savon-au-citron\/","title":{"rendered":"Savon au Citron"},"content":{"rendered":"<p>\u00c0 la base de citron et de menthe poivr\u00e9e Antiseptique naturel. Il nettoie et prot\u00e8ge la peau des bact\u00e9ries et des virus.<\/p>\n","protected":false},"excerpt":{"rendered":"<p>\u00c0 la base de citron et de menthe poivr\u00e9e Antiseptique naturel. Il nettoie et prot\u00e8ge la peau des bact\u00e9ries et des virus.<\/p>\n","protected":false},"featured_media":1192,"comment_status":"open","ping_status":"closed","template":"","meta":{"_et_pb_use_builder":"","_et_pb_old_content":"","_et_gb_content_width":""},"product_brand":[],"product_cat":[21],"product_tag":[22],"class_list":{"0":"post-204","1":"product","2":"type-product","3":"status-publish","4":"has-post-thumbnail","6":"product_cat-savon","7":"product_tag-savon","9":"first","10":"instock","11":"featured","12":"shipping-taxable","13":"purchasable","14":"product-type-simple"},"aioseo_notices":[],"jetpack_sharing_enabled":true,"_links":{"self":[{"href":"https:\/\/walixa.co\/index.php\/wp-json\/wp\/v2\/product\/204","targetHints":{"allow":["GET"]}}],"collection":[{"href":"https:\/\/walixa.co\/index.php\/wp-json\/wp\/v2\/product"}],"about":[{"href":"https:\/\/walixa.co\/index.php\/wp-json\/wp\/v2\/types\/product"}],"replies":[{"embeddable":true,"href":"https:\/\/walixa.co\/index.php\/wp-json\/wp\/v2\/comments?post=204"}],"wp:featuredmedia":[{"embeddable":true,"href":"https:\/\/walixa.co\/index.php\/wp-json\/wp\/v2\/media\/1192"}],"wp:attachment":[{"href":"https:\/\/walixa.co\/index.php\/wp-json\/wp\/v2\/media?parent=204"}],"wp:term":[{"taxonomy":"product_brand","embeddable":true,"href":"https:\/\/walixa.co\/index.php\/wp-json\/wp\/v2\/product_brand?post=204"},{"taxonomy":"product_cat","embeddable":true,"href":"https:\/\/walixa.co\/index.php\/wp-json\/wp\/v2\/product_cat?post=204"},{"taxonomy":"product_tag","embeddable":true,"href":"https:\/\/walixa.co\/index.php\/wp-json\/wp\/v2\/product_tag?post=204"}],"curies":[{"name":"wp","href":"https:\/\/api.w.org\/{rel}","templated":true}]}}