{"id":207,"date":"2024-02-20T16:54:01","date_gmt":"2024-02-20T16:54:01","guid":{"rendered":"https:\/\/walixa.co\/?post_type=product&#038;p=207"},"modified":"2024-12-13T21:51:10","modified_gmt":"2024-12-14T02:51:10","slug":"savon-a-la-menthe","status":"publish","type":"product","link":"https:\/\/walixa.co\/index.php\/product\/savon-a-la-menthe\/","title":{"rendered":"Savon \u00e0 la Menthe"},"content":{"rendered":"<p>Con\u00e7u avec de la menthe poivr\u00e9e, il r\u00e9g\u00e9n\u00e8re la peau et combat l\u2019acn\u00e9 il d\u00e9tend, apaise et adoucit la peau aussi.<\/p>\n","protected":false},"excerpt":{"rendered":"<p>Con\u00e7u avec de la menthe poivr\u00e9e, il r\u00e9g\u00e9n\u00e8re la peau et combat l\u2019acn\u00e9 il d\u00e9tend, apaise et adoucit la peau aussi.<\/p>\n","protected":false},"featured_media":1194,"comment_status":"open","ping_status":"closed","template":"","meta":{"_et_pb_use_builder":"","_et_pb_old_content":"","_et_gb_content_width":""},"product_brand":[],"product_cat":[21],"product_tag":[22],"class_list":{"0":"post-207","1":"product","2":"type-product","3":"status-publish","4":"has-post-thumbnail","6":"product_cat-savon","7":"product_tag-savon","9":"first","10":"instock","11":"shipping-taxable","12":"purchasable","13":"product-type-simple"},"aioseo_notices":[],"jetpack_sharing_enabled":true,"_links":{"self":[{"href":"https:\/\/walixa.co\/index.php\/wp-json\/wp\/v2\/product\/207","targetHints":{"allow":["GET"]}}],"collection":[{"href":"https:\/\/walixa.co\/index.php\/wp-json\/wp\/v2\/product"}],"about":[{"href":"https:\/\/walixa.co\/index.php\/wp-json\/wp\/v2\/types\/product"}],"replies":[{"embeddable":true,"href":"https:\/\/walixa.co\/index.php\/wp-json\/wp\/v2\/comments?post=207"}],"wp:featuredmedia":[{"embeddable":true,"href":"https:\/\/walixa.co\/index.php\/wp-json\/wp\/v2\/media\/1194"}],"wp:attachment":[{"href":"https:\/\/walixa.co\/index.php\/wp-json\/wp\/v2\/media?parent=207"}],"wp:term":[{"taxonomy":"product_brand","embeddable":true,"href":"https:\/\/walixa.co\/index.php\/wp-json\/wp\/v2\/product_brand?post=207"},{"taxonomy":"product_cat","embeddable":true,"href":"https:\/\/walixa.co\/index.php\/wp-json\/wp\/v2\/product_cat?post=207"},{"taxonomy":"product_tag","embeddable":true,"href":"https:\/\/walixa.co\/index.php\/wp-json\/wp\/v2\/product_tag?post=207"}],"curies":[{"name":"wp","href":"https:\/\/api.w.org\/{rel}","templated":true}]}}