{"id":216,"date":"2024-02-20T17:07:33","date_gmt":"2024-02-20T17:07:33","guid":{"rendered":"https:\/\/walixa.co\/?post_type=product&#038;p=216"},"modified":"2024-12-13T21:50:40","modified_gmt":"2024-12-14T02:50:40","slug":"huile-pour-cheveux","status":"publish","type":"product","link":"https:\/\/walixa.co\/index.php\/product\/huile-pour-cheveux\/","title":{"rendered":"Huile pour cheveux"},"content":{"rendered":"<p>Notre huile pour cheveux hydrate le cuir chevelu, tout en revitalisant les follicules pileux. Riche en min\u00e9raux et en vitamines, elle est id\u00e9ale pour enrayer les pellicules et hydrater les pointes fourchues. Utilis\u00e9e r\u00e9guli\u00e8rement au niveau des racines, elle renforce et stimule leur repousse. Format : 30 ml<\/p>\n","protected":false},"excerpt":{"rendered":"<p>Notre huile pour cheveux hydrate le cuir chevelu, tout en revitalisant les follicules pileux. Riche en min\u00e9raux et en vitamines, elle est id\u00e9ale pour enrayer les pellicules et hydrater les pointes fourchues. Utilis\u00e9e r\u00e9guli\u00e8rement au niveau des racines, elle renforce et stimule leur repousse. Format : 30 ml<\/p>\n","protected":false},"featured_media":1185,"comment_status":"open","ping_status":"closed","template":"","meta":{"_et_pb_use_builder":"","_et_pb_old_content":"","_et_gb_content_width":""},"product_brand":[],"product_cat":[23],"product_tag":[24],"class_list":{"0":"post-216","1":"product","2":"type-product","3":"status-publish","4":"has-post-thumbnail","6":"product_cat-huile","7":"product_tag-huile","9":"first","10":"instock","11":"sale","12":"shipping-taxable","13":"purchasable","14":"product-type-simple"},"aioseo_notices":[],"jetpack_sharing_enabled":true,"_links":{"self":[{"href":"https:\/\/walixa.co\/index.php\/wp-json\/wp\/v2\/product\/216","targetHints":{"allow":["GET"]}}],"collection":[{"href":"https:\/\/walixa.co\/index.php\/wp-json\/wp\/v2\/product"}],"about":[{"href":"https:\/\/walixa.co\/index.php\/wp-json\/wp\/v2\/types\/product"}],"replies":[{"embeddable":true,"href":"https:\/\/walixa.co\/index.php\/wp-json\/wp\/v2\/comments?post=216"}],"wp:featuredmedia":[{"embeddable":true,"href":"https:\/\/walixa.co\/index.php\/wp-json\/wp\/v2\/media\/1185"}],"wp:attachment":[{"href":"https:\/\/walixa.co\/index.php\/wp-json\/wp\/v2\/media?parent=216"}],"wp:term":[{"taxonomy":"product_brand","embeddable":true,"href":"https:\/\/walixa.co\/index.php\/wp-json\/wp\/v2\/product_brand?post=216"},{"taxonomy":"product_cat","embeddable":true,"href":"https:\/\/walixa.co\/index.php\/wp-json\/wp\/v2\/product_cat?post=216"},{"taxonomy":"product_tag","embeddable":true,"href":"https:\/\/walixa.co\/index.php\/wp-json\/wp\/v2\/product_tag?post=216"}],"curies":[{"name":"wp","href":"https:\/\/api.w.org\/{rel}","templated":true}]}}