{"id":228,"date":"2024-02-20T17:43:05","date_gmt":"2024-02-20T17:43:05","guid":{"rendered":"https:\/\/walixa.co\/?post_type=product&#038;p=228"},"modified":"2024-12-13T21:50:11","modified_gmt":"2024-12-14T02:50:11","slug":"shampooing-pour-cheveux-secs","status":"publish","type":"product","link":"https:\/\/walixa.co\/index.php\/product\/shampooing-pour-cheveux-secs\/","title":{"rendered":"Shampooing pour cheveux secs"},"content":{"rendered":"<p>Notre Shampooing Walixa est concoct\u00e9 avec des ingr\u00e9dients connus pour bien prot\u00e9ger votre cuir chevelu. Par exemple, un de nos ingr\u00e9dients est le l&#8217;huile de moringa qui a un effet antipelliculaire; il hydrate le cuir chevelu, r\u00e9pare la peau sans ass\u00e9cher le cheveu et stimule la repousse.<\/p>\n","protected":false},"excerpt":{"rendered":"<p>Notre Shampooing Walixa est concoct\u00e9 avec des ingr\u00e9dients connus pour bien prot\u00e9ger votre cuir chevelu. Par exemple, un de nos ingr\u00e9dients est le l&#8217;huile de moringa qui a un effet antipelliculaire; il hydrate le cuir chevelu, r\u00e9pare la peau sans ass\u00e9cher le cheveu et stimule la repousse.<\/p>\n","protected":false},"featured_media":1193,"comment_status":"open","ping_status":"closed","template":"","meta":{"_et_pb_use_builder":"","_et_pb_old_content":"","_et_gb_content_width":""},"product_brand":[],"product_cat":[29],"product_tag":[30],"class_list":{"0":"post-228","1":"product","2":"type-product","3":"status-publish","4":"has-post-thumbnail","6":"product_cat-shampoing","7":"product_tag-cheveux-secs","9":"first","10":"instock","11":"featured","12":"shipping-taxable","13":"purchasable","14":"product-type-simple"},"aioseo_notices":[],"jetpack_sharing_enabled":true,"_links":{"self":[{"href":"https:\/\/walixa.co\/index.php\/wp-json\/wp\/v2\/product\/228","targetHints":{"allow":["GET"]}}],"collection":[{"href":"https:\/\/walixa.co\/index.php\/wp-json\/wp\/v2\/product"}],"about":[{"href":"https:\/\/walixa.co\/index.php\/wp-json\/wp\/v2\/types\/product"}],"replies":[{"embeddable":true,"href":"https:\/\/walixa.co\/index.php\/wp-json\/wp\/v2\/comments?post=228"}],"wp:featuredmedia":[{"embeddable":true,"href":"https:\/\/walixa.co\/index.php\/wp-json\/wp\/v2\/media\/1193"}],"wp:attachment":[{"href":"https:\/\/walixa.co\/index.php\/wp-json\/wp\/v2\/media?parent=228"}],"wp:term":[{"taxonomy":"product_brand","embeddable":true,"href":"https:\/\/walixa.co\/index.php\/wp-json\/wp\/v2\/product_brand?post=228"},{"taxonomy":"product_cat","embeddable":true,"href":"https:\/\/walixa.co\/index.php\/wp-json\/wp\/v2\/product_cat?post=228"},{"taxonomy":"product_tag","embeddable":true,"href":"https:\/\/walixa.co\/index.php\/wp-json\/wp\/v2\/product_tag?post=228"}],"curies":[{"name":"wp","href":"https:\/\/api.w.org\/{rel}","templated":true}]}}