{"id":239,"date":"2024-02-20T19:40:07","date_gmt":"2024-02-20T19:40:07","guid":{"rendered":"https:\/\/walixa.co\/?post_type=product&#038;p=239"},"modified":"2024-12-13T21:46:27","modified_gmt":"2024-12-14T02:46:27","slug":"baume-a-levre","status":"publish","type":"product","link":"https:\/\/walixa.co\/index.php\/product\/baume-a-levre\/","title":{"rendered":"Baume \u00e0 l\u00e8vre"},"content":{"rendered":"<p>Notre baume \u00e0 l\u00e8vres Walixa est fait pour prot\u00e9ger vos l\u00e8vres et apporter un bien-\u00eatre<br \/>\nimm\u00e9diat. Sa texture onctueuse, compos\u00e9e d&#8217;huile de moringa permet de bien s&#8217;hydrater. A emporter partout avec soi et \u00e0 appliquer sans mod\u00e9ration. Il est bon pour<br \/>\ntous les \u00e2ges, tant pour les enfants que pour les adultes. Le baume \u00e0 l\u00e8vres Walixa ne<br \/>\ncontient pas de parab\u00e8ne. Il est offert en deux saveurs : caramel ou noix de coco<\/p>\n","protected":false},"excerpt":{"rendered":"<p>Notre baume \u00e0 l\u00e8vres Walixa est fait pour prot\u00e9ger vos l\u00e8vres et apporter un bien-\u00eatre imm\u00e9diat. Sa texture onctueuse, compos\u00e9e d&#8217;huile de moringa permet de bien s&#8217;hydrater. A emporter partout avec soi et \u00e0 appliquer sans mod\u00e9ration. Il est bon pour tous les \u00e2ges, tant pour les enfants que pour les adultes. Le baume \u00e0 [&hellip;]<\/p>\n","protected":false},"featured_media":1187,"comment_status":"open","ping_status":"closed","template":"","meta":{"_et_pb_use_builder":"","_et_pb_old_content":"","_et_gb_content_width":""},"product_brand":[],"product_cat":[32],"product_tag":[],"class_list":{"0":"post-239","1":"product","2":"type-product","3":"status-publish","4":"has-post-thumbnail","6":"product_cat-baume","8":"first","9":"instock","10":"shipping-taxable","11":"purchasable","12":"product-type-simple"},"aioseo_notices":[],"jetpack_sharing_enabled":true,"_links":{"self":[{"href":"https:\/\/walixa.co\/index.php\/wp-json\/wp\/v2\/product\/239","targetHints":{"allow":["GET"]}}],"collection":[{"href":"https:\/\/walixa.co\/index.php\/wp-json\/wp\/v2\/product"}],"about":[{"href":"https:\/\/walixa.co\/index.php\/wp-json\/wp\/v2\/types\/product"}],"replies":[{"embeddable":true,"href":"https:\/\/walixa.co\/index.php\/wp-json\/wp\/v2\/comments?post=239"}],"wp:featuredmedia":[{"embeddable":true,"href":"https:\/\/walixa.co\/index.php\/wp-json\/wp\/v2\/media\/1187"}],"wp:attachment":[{"href":"https:\/\/walixa.co\/index.php\/wp-json\/wp\/v2\/media?parent=239"}],"wp:term":[{"taxonomy":"product_brand","embeddable":true,"href":"https:\/\/walixa.co\/index.php\/wp-json\/wp\/v2\/product_brand?post=239"},{"taxonomy":"product_cat","embeddable":true,"href":"https:\/\/walixa.co\/index.php\/wp-json\/wp\/v2\/product_cat?post=239"},{"taxonomy":"product_tag","embeddable":true,"href":"https:\/\/walixa.co\/index.php\/wp-json\/wp\/v2\/product_tag?post=239"}],"curies":[{"name":"wp","href":"https:\/\/api.w.org\/{rel}","templated":true}]}}