{"id":241,"date":"2024-02-20T19:41:08","date_gmt":"2024-02-20T19:41:08","guid":{"rendered":"https:\/\/walixa.co\/?post_type=product&#038;p=241"},"modified":"2024-12-13T21:46:19","modified_gmt":"2024-12-14T02:46:19","slug":"brosse-a-barbe","status":"publish","type":"product","link":"https:\/\/walixa.co\/index.php\/product\/brosse-a-barbe\/","title":{"rendered":"Brosse \u00e0 barbe"},"content":{"rendered":"<p>Con\u00e7ue avec des poils de sanglier, cette brosse est un outil primordial \u00e0 avoir dans sa trousse de beaut\u00e9! Elle vous permet d&#8217;optimiser le style de votre barbe \u00e0 chaque coup de brosse.<\/p>\n","protected":false},"excerpt":{"rendered":"<p>Con\u00e7ue avec des poils de sanglier, cette brosse est un outil primordial \u00e0 avoir dans sa trousse de beaut\u00e9! Elle vous permet d&#8217;optimiser le style de votre barbe \u00e0 chaque coup de brosse.<\/p>\n","protected":false},"featured_media":1188,"comment_status":"open","ping_status":"closed","template":"","meta":{"_et_pb_use_builder":"","_et_pb_old_content":"","_et_gb_content_width":""},"product_brand":[],"product_cat":[33],"product_tag":[],"class_list":{"0":"post-241","1":"product","2":"type-product","3":"status-publish","4":"has-post-thumbnail","6":"product_cat-brosse","8":"first","9":"instock","10":"shipping-taxable","11":"purchasable","12":"product-type-simple"},"aioseo_notices":[],"jetpack_sharing_enabled":true,"_links":{"self":[{"href":"https:\/\/walixa.co\/index.php\/wp-json\/wp\/v2\/product\/241","targetHints":{"allow":["GET"]}}],"collection":[{"href":"https:\/\/walixa.co\/index.php\/wp-json\/wp\/v2\/product"}],"about":[{"href":"https:\/\/walixa.co\/index.php\/wp-json\/wp\/v2\/types\/product"}],"replies":[{"embeddable":true,"href":"https:\/\/walixa.co\/index.php\/wp-json\/wp\/v2\/comments?post=241"}],"wp:featuredmedia":[{"embeddable":true,"href":"https:\/\/walixa.co\/index.php\/wp-json\/wp\/v2\/media\/1188"}],"wp:attachment":[{"href":"https:\/\/walixa.co\/index.php\/wp-json\/wp\/v2\/media?parent=241"}],"wp:term":[{"taxonomy":"product_brand","embeddable":true,"href":"https:\/\/walixa.co\/index.php\/wp-json\/wp\/v2\/product_brand?post=241"},{"taxonomy":"product_cat","embeddable":true,"href":"https:\/\/walixa.co\/index.php\/wp-json\/wp\/v2\/product_cat?post=241"},{"taxonomy":"product_tag","embeddable":true,"href":"https:\/\/walixa.co\/index.php\/wp-json\/wp\/v2\/product_tag?post=241"}],"curies":[{"name":"wp","href":"https:\/\/api.w.org\/{rel}","templated":true}]}}