{"id":243,"date":"2024-02-20T19:42:52","date_gmt":"2024-02-20T19:42:52","guid":{"rendered":"https:\/\/walixa.co\/?post_type=product&#038;p=243"},"modified":"2024-12-13T21:54:47","modified_gmt":"2024-12-14T02:54:47","slug":"baume-a-barbe","status":"publish","type":"product","link":"https:\/\/walixa.co\/index.php\/product\/baume-a-barbe\/","title":{"rendered":"Baume \u00e0 barbe"},"content":{"rendered":"<p>Notre baume \u00e0 barbe est un m\u00e9lange entre l&#8217;\u00e9quilibre et l&#8217;hydratation. Il est con\u00e7u pour faire briller et apporter<br \/>\nles meilleurs soins de barbe. L&#8217;\u2019odeur est exceptionnelle. Il vient en deux<br \/>\nar\u00f4mes: sapin baumier et agrume.<\/p>\n","protected":false},"excerpt":{"rendered":"<p>Notre baume \u00e0 barbe est un m\u00e9lange entre l&#8217;\u00e9quilibre et l&#8217;hydratation. Il est con\u00e7u pour faire briller et apporter les meilleurs soins de barbe. L&#8217;\u2019odeur est exceptionnelle. Il vient en deux ar\u00f4mes: sapin baumier et agrume.<\/p>\n","protected":false},"featured_media":1190,"comment_status":"open","ping_status":"closed","template":"","meta":{"_et_pb_use_builder":"","_et_pb_old_content":"","_et_gb_content_width":""},"product_brand":[],"product_cat":[32],"product_tag":[],"class_list":{"0":"post-243","1":"product","2":"type-product","3":"status-publish","4":"has-post-thumbnail","6":"product_cat-baume","8":"first","9":"instock","10":"sale","11":"featured","12":"shipping-taxable","13":"purchasable","14":"product-type-simple"},"aioseo_notices":[],"jetpack_sharing_enabled":true,"_links":{"self":[{"href":"https:\/\/walixa.co\/index.php\/wp-json\/wp\/v2\/product\/243","targetHints":{"allow":["GET"]}}],"collection":[{"href":"https:\/\/walixa.co\/index.php\/wp-json\/wp\/v2\/product"}],"about":[{"href":"https:\/\/walixa.co\/index.php\/wp-json\/wp\/v2\/types\/product"}],"replies":[{"embeddable":true,"href":"https:\/\/walixa.co\/index.php\/wp-json\/wp\/v2\/comments?post=243"}],"wp:featuredmedia":[{"embeddable":true,"href":"https:\/\/walixa.co\/index.php\/wp-json\/wp\/v2\/media\/1190"}],"wp:attachment":[{"href":"https:\/\/walixa.co\/index.php\/wp-json\/wp\/v2\/media?parent=243"}],"wp:term":[{"taxonomy":"product_brand","embeddable":true,"href":"https:\/\/walixa.co\/index.php\/wp-json\/wp\/v2\/product_brand?post=243"},{"taxonomy":"product_cat","embeddable":true,"href":"https:\/\/walixa.co\/index.php\/wp-json\/wp\/v2\/product_cat?post=243"},{"taxonomy":"product_tag","embeddable":true,"href":"https:\/\/walixa.co\/index.php\/wp-json\/wp\/v2\/product_tag?post=243"}],"curies":[{"name":"wp","href":"https:\/\/api.w.org\/{rel}","templated":true}]}}